{"id":8836,"date":"2025-01-16T10:44:09","date_gmt":"2025-01-16T10:44:09","guid":{"rendered":"https:\/\/lawgroup-israel.com\/pratiques\/"},"modified":"2025-06-01T21:51:46","modified_gmt":"2025-06-01T21:51:46","slug":"pratiques","status":"publish","type":"page","link":"http:\/\/lawgroup-israel.com\/fr\/pratiques\/","title":{"rendered":"Pratiques"},"content":{"rendered":"\t\t<div data-elementor-type=\"wp-page\" data-elementor-id=\"8836\" class=\"elementor elementor-8836 elementor-8396\">\n\t\t\t\t\t\t<section class=\"elementor-section elementor-top-section elementor-element elementor-element-ee503c8 elementor-section-boxed elementor-section-height-default elementor-section-height-default\" data-id=\"ee503c8\" data-element_type=\"section\" data-settings=\"{&quot;background_background&quot;:&quot;slideshow&quot;,&quot;background_slideshow_gallery&quot;:[{&quot;id&quot;:8386,&quot;url&quot;:&quot;http:\\\/\\\/lawgroup-israel.com\\\/wp-content\\\/uploads\\\/2025\\\/01\\\/page-header.webp&quot;},{&quot;id&quot;:8360,&quot;url&quot;:&quot;http:\\\/\\\/lawgroup-israel.com\\\/wp-content\\\/uploads\\\/2025\\\/01\\\/slider-1.webp&quot;}],&quot;background_slideshow_ken_burns&quot;:&quot;yes&quot;,&quot;background_slideshow_transition_duration&quot;:900,&quot;background_slideshow_loop&quot;:&quot;yes&quot;,&quot;background_slideshow_slide_duration&quot;:5000,&quot;background_slideshow_slide_transition&quot;:&quot;fade&quot;,&quot;background_slideshow_ken_burns_zoom_direction&quot;:&quot;in&quot;}\">\n\t\t\t\t\t\t\t<div class=\"elementor-background-overlay\"><\/div>\n\t\t\t\t\t\t\t<div class=\"elementor-container elementor-column-gap-default\">\n\t\t\t\t\t<div class=\"elementor-column elementor-col-100 elementor-top-column elementor-element elementor-element-8028c45\" data-id=\"8028c45\" data-element_type=\"column\">\n\t\t\t<div class=\"elementor-widget-wrap elementor-element-populated\">\n\t\t\t\t\t\t<div class=\"elementor-element elementor-element-44fce45 elementor-widget elementor-widget-gva-heading-block\" data-id=\"44fce45\" data-element_type=\"widget\" data-widget_type=\"gva-heading-block.default\">\n\t\t\t\t<div class=\"elementor-widget-container\">\n\t\t\t\t\t<div class=\"gva-element-gva-heading-block gva-element\">   <div class=\"align-left style-1 widget gsc-heading box-align-left auto-responsive\">\r\n      <div class=\"content-inner\">\r\n         \r\n                  \r\n           \r\n         \r\n                     <h2 class=\"title\">\r\n               <span>Domaines de pratique<\/span>\r\n            <\/h2>\r\n                  \r\n                     <div class=\"title-desc\"><p>Domaines du droit les plus populaires<\/p><\/div>\r\n         \r\n         \r\n      <\/div>\r\n   <\/div>\r\n<\/div>\t\t\t\t<\/div>\n\t\t\t\t<\/div>\n\t\t\t\t\t<\/div>\n\t\t<\/div>\n\t\t\t\t\t<\/div>\n\t\t<\/section>\n\t\t\t\t<section class=\"elementor-section elementor-top-section elementor-element elementor-element-2c0eb822 elementor-section-boxed elementor-section-height-default elementor-section-height-default\" data-id=\"2c0eb822\" data-element_type=\"section\" data-settings=\"{&quot;background_background&quot;:&quot;classic&quot;}\">\n\t\t\t\t\t\t<div class=\"elementor-container elementor-column-gap-default\">\n\t\t\t\t\t<div class=\"elementor-column elementor-col-50 elementor-top-column elementor-element elementor-element-65da86c7\" data-id=\"65da86c7\" data-element_type=\"column\">\n\t\t\t<div class=\"elementor-widget-wrap elementor-element-populated\">\n\t\t\t\t\t\t<div class=\"elementor-element elementor-element-2c72d9a1 elementor-position-left elementor-vertical-align-middle icon-box-left elementor-view-default elementor-mobile-position-top elementor-widget elementor-widget-icon-box\" data-id=\"2c72d9a1\" data-element_type=\"widget\" data-widget_type=\"icon-box.default\">\n\t\t\t\t<div class=\"elementor-widget-container\">\n\t\t\t\t\t\t\t<div class=\"elementor-icon-box-wrapper\">\n\n\t\t\t\t\t\t<div class=\"elementor-icon-box-icon\">\n\t\t\t\t<span  class=\"elementor-icon\">\n\t\t\t\t<i aria-hidden=\"true\" class=\" micon__telephone-call\"><\/i>\t\t\t\t<\/span>\n\t\t\t<\/div>\n\t\t\t\n\t\t\t\t\t\t<div class=\"elementor-icon-box-content\">\n\n\t\t\t\t\n\t\t\t\t\t\t\t\t\t<p class=\"elementor-icon-box-description\">\n\t\t\t\t\t\tVous voulez obtenir des conseils juridiques gratuits ?  \t\t\t\t\t<\/p>\n\t\t\t\t\n\t\t\t<\/div>\n\t\t\t\n\t\t<\/div>\n\t\t\t\t\t\t<\/div>\n\t\t\t\t<\/div>\n\t\t\t\t\t<\/div>\n\t\t<\/div>\n\t\t\t\t<div class=\"elementor-column elementor-col-50 elementor-top-column elementor-element elementor-element-2a68ae1\" data-id=\"2a68ae1\" data-element_type=\"column\">\n\t\t\t<div class=\"elementor-widget-wrap elementor-element-populated\">\n\t\t\t\t\t\t<div class=\"elementor-element elementor-element-336f5e17 elementor-widget__width-auto elementor-widget elementor-widget-html\" data-id=\"336f5e17\" data-element_type=\"widget\" data-widget_type=\"html.default\">\n\t\t\t\t<div class=\"elementor-widget-container\">\n\t\t\t\t\t\n          <a class=\"btn-white\" href=\"#\">\n  Demandez une consultation gratuite\n<\/a>\n        \t\t\t\t<\/div>\n\t\t\t\t<\/div>\n\t\t\t\t\t<\/div>\n\t\t<\/div>\n\t\t\t\t\t<\/div>\n\t\t<\/section>\n\t\t\t\t<section class=\"elementor-section elementor-top-section elementor-element elementor-element-5dad461e elementor-section-full_width elementor-section-height-default elementor-section-height-default\" data-id=\"5dad461e\" data-element_type=\"section\" data-settings=\"{&quot;background_background&quot;:&quot;classic&quot;}\">\n\t\t\t\t\t\t<div class=\"elementor-container elementor-column-gap-default\">\n\t\t\t\t\t<div class=\"elementor-column elementor-col-100 elementor-top-column elementor-element elementor-element-4d3f7627\" data-id=\"4d3f7627\" data-element_type=\"column\">\n\t\t\t<div class=\"elementor-widget-wrap\">\n\t\t\t\t\t\t\t<\/div>\n\t\t<\/div>\n\t\t\t\t\t<\/div>\n\t\t<\/section>\n\t\t\t\t<section class=\"elementor-section elementor-top-section elementor-element elementor-element-72dbd028 elementor-section-full_width law-fields elementor-section-height-default elementor-section-height-default\" data-id=\"72dbd028\" data-element_type=\"section\">\n\t\t\t\t\t\t<div class=\"elementor-container elementor-column-gap-default\">\n\t\t\t\t\t<div class=\"elementor-column elementor-col-25 elementor-top-column elementor-element elementor-element-15212df1\" data-id=\"15212df1\" data-element_type=\"column\">\n\t\t\t<div class=\"elementor-widget-wrap elementor-element-populated\">\n\t\t\t\t\t\t<div class=\"elementor-element elementor-element-315ff9de elementor-widget elementor-widget-gva-features-block\" data-id=\"315ff9de\" data-element_type=\"widget\" data-widget_type=\"gva-features-block.default\">\n\t\t\t\t<div class=\"elementor-widget-container\">\n\t\t\t\t\t<div class=\"gva-element-gva-features-block gva-element\">\r\n\r\n\r\n   <div class=\"feature-two__single\">\r\n      <div class=\"feature-two__content\">\r\n         <div class=\"feature-two__icon\"><i aria-hidden=\"true\" class=\"fas fa-briefcase\"><\/i><\/div><div class=\"feature-two__content-inner\"><h3 class=\"feature-two__title\">Droit des Affaires<\/h3><div class=\"feature-two__desc\">Notre cabinet d&#039;avocats innovant a \u00e9t\u00e9 d\u00e9velopp\u00e9 pour r\u00e9pondre aux besoins particuliers de chaque client afin de fournir des services juridiques rentables, flexibles et fiables.<\/div>\t\t  <a href=\"#\" class=\"feature-two__read-more btn-inline-2\">\r\n\t\t\t En savoir plus\t\t  <\/a>\r\n\t\t  <\/div>      <\/div> \r\n      \t\t  <a href=\"#\" class=\"feature-two__link\">\r\n\t\t\t \t\t  <\/a>\r\n\t\t     <\/div>   \r\n\r\n\r\n<\/div>\t\t\t\t<\/div>\n\t\t\t\t<\/div>\n\t\t\t\t\t<\/div>\n\t\t<\/div>\n\t\t\t\t<div class=\"elementor-column elementor-col-25 elementor-top-column elementor-element elementor-element-7f04eb22\" data-id=\"7f04eb22\" data-element_type=\"column\">\n\t\t\t<div class=\"elementor-widget-wrap elementor-element-populated\">\n\t\t\t\t\t\t<div class=\"elementor-element elementor-element-a227bf1 elementor-widget elementor-widget-gva-features-block\" data-id=\"a227bf1\" data-element_type=\"widget\" data-widget_type=\"gva-features-block.default\">\n\t\t\t\t<div class=\"elementor-widget-container\">\n\t\t\t\t\t<div class=\"gva-element-gva-features-block gva-element\">\r\n\r\n\r\n   <div class=\"feature-two__single\">\r\n      <div class=\"feature-two__content\">\r\n         <div class=\"feature-two__icon\"><i aria-hidden=\"true\" class=\" micon__family-1\"><\/i><\/div><div class=\"feature-two__content-inner\"><h3 class=\"feature-two__title\">Droit de la famille<\/h3><div class=\"feature-two__desc\">Notre cabinet d&#039;avocats innovant a \u00e9t\u00e9 d\u00e9velopp\u00e9 pour assister chaque client sur des questions li\u00e9es aux relations familiales, telles que l&#039;adoption, le divorce et la garde des enfants, entre autres.<\/div>\t\t  <a href=\"#\" class=\"feature-two__read-more btn-inline-2\">\r\n\t\t\t En savoir plus\t\t  <\/a>\r\n\t\t  <\/div>      <\/div> \r\n      \t\t  <a href=\"#\" class=\"feature-two__link\">\r\n\t\t\t \t\t  <\/a>\r\n\t\t     <\/div>   \r\n\r\n\r\n<\/div>\t\t\t\t<\/div>\n\t\t\t\t<\/div>\n\t\t\t\t<div class=\"elementor-element elementor-element-725d31b7 elementor-widget elementor-widget-gva-heading-block\" data-id=\"725d31b7\" data-element_type=\"widget\" data-widget_type=\"gva-heading-block.default\">\n\t\t\t\t<div class=\"elementor-widget-container\">\n\t\t\t\t\t<div class=\"gva-element-gva-heading-block gva-element\">   <div class=\"align-center style-1 widget gsc-heading box-align-left auto-responsive\">\r\n      <div class=\"content-inner\">\r\n         \r\n                  \r\n         <div class=\"sub-title\"><span class=\"tagline\">Domaines de pratique<\/span><\/div>  \r\n         \r\n                     <h2 class=\"title\">\r\n               <span>Domaines du droit les plus populaires<\/span>\r\n            <\/h2>\r\n                  \r\n         \r\n         \r\n      <\/div>\r\n   <\/div>\r\n<\/div>\t\t\t\t<\/div>\n\t\t\t\t<\/div>\n\t\t\t\t\t<\/div>\n\t\t<\/div>\n\t\t\t\t<div class=\"elementor-column elementor-col-25 elementor-top-column elementor-element elementor-element-418e7fe6\" data-id=\"418e7fe6\" data-element_type=\"column\">\n\t\t\t<div class=\"elementor-widget-wrap elementor-element-populated\">\n\t\t\t\t\t\t<div class=\"elementor-element elementor-element-5d46a75b elementor-widget elementor-widget-gva-features-block\" data-id=\"5d46a75b\" data-element_type=\"widget\" data-widget_type=\"gva-features-block.default\">\n\t\t\t\t<div class=\"elementor-widget-container\">\n\t\t\t\t\t<div class=\"gva-element-gva-features-block gva-element\">\r\n\r\n\r\n   <div class=\"feature-two__single\">\r\n      <div class=\"feature-two__content\">\r\n         <div class=\"feature-two__icon\"><i aria-hidden=\"true\" class=\" micon__home\"><\/i><\/div><div class=\"feature-two__content-inner\"><h3 class=\"feature-two__title\">Contentieux civil<\/h3><div class=\"feature-two__desc\">Notre cabinet d\u2019avocats innovant est compos\u00e9 d\u2019avocats et notaires de renom. Nous pouvons r\u00e9aliser un contre-interrogatoire modul\u00e9 parfait. Nous avons des avocats pragmatiques et avant-gardistes et repr\u00e9sentons des petites et moyennes entreprises.<\/div>\t\t  <a href=\"#\" class=\"feature-two__read-more btn-inline-2\">\r\n\t\t\t En savoir plus\t\t  <\/a>\r\n\t\t  <\/div>      <\/div> \r\n      \t\t  <a href=\"#\" class=\"feature-two__link\">\r\n\t\t\t \t\t  <\/a>\r\n\t\t     <\/div>   \r\n\r\n\r\n<\/div>\t\t\t\t<\/div>\n\t\t\t\t<\/div>\n\t\t\t\t\t<\/div>\n\t\t<\/div>\n\t\t\t\t<div class=\"elementor-column elementor-col-25 elementor-top-column elementor-element elementor-element-7522581\" data-id=\"7522581\" data-element_type=\"column\">\n\t\t\t<div class=\"elementor-widget-wrap elementor-element-populated\">\n\t\t\t\t\t\t<div class=\"elementor-element elementor-element-3927c202 elementor-widget elementor-widget-gva-features-block\" data-id=\"3927c202\" data-element_type=\"widget\" data-widget_type=\"gva-features-block.default\">\n\t\t\t\t<div class=\"elementor-widget-container\">\n\t\t\t\t\t<div class=\"gva-element-gva-features-block gva-element\">\r\n\r\n\r\n   <div class=\"feature-two__single\">\r\n      <div class=\"feature-two__content\">\r\n         <div class=\"feature-two__icon\"><i aria-hidden=\"true\" class=\" aicon-world\"><\/i><\/div><div class=\"feature-two__content-inner\"><h3 class=\"feature-two__title\">Loi sur la criminalit\u00e9<\/h3><div class=\"feature-two__desc\">Notre cabinet d&#039;avocats innovant travaille \u00e0 d\u00e9fendre les individus, les organisations et les entit\u00e9s accus\u00e9s d&#039;un crime. Nous savons comment g\u00e9rer les probl\u00e8mes li\u00e9s \u00e0 une arrestation, une enqu\u00eate criminelle, des accusations criminelles, la d\u00e9termination de la peine, les appels et les questions post-proc\u00e8s.<\/div>\t\t  <a href=\"#\" class=\"feature-two__read-more btn-inline-2\">\r\n\t\t\t En savoir plus\t\t  <\/a>\r\n\t\t  <\/div>      <\/div> \r\n      \t\t  <a href=\"#\" class=\"feature-two__link\">\r\n\t\t\t \t\t  <\/a>\r\n\t\t     <\/div>   \r\n\r\n\r\n<\/div>\t\t\t\t<\/div>\n\t\t\t\t<\/div>\n\t\t\t\t\t<\/div>\n\t\t<\/div>\n\t\t\t\t\t<\/div>\n\t\t<\/section>\n\t\t\t\t<section class=\"elementor-section elementor-top-section elementor-element elementor-element-1bff82e4 elementor-section-boxed elementor-section-height-default elementor-section-height-default\" data-id=\"1bff82e4\" data-element_type=\"section\" data-settings=\"{&quot;background_background&quot;:&quot;classic&quot;}\">\n\t\t\t\t\t\t<div class=\"elementor-container elementor-column-gap-default\">\n\t\t\t\t\t<div class=\"elementor-column elementor-col-25 elementor-top-column elementor-element elementor-element-790d2f6a\" data-id=\"790d2f6a\" data-element_type=\"column\">\n\t\t\t<div class=\"elementor-widget-wrap elementor-element-populated\">\n\t\t\t\t\t\t<div class=\"elementor-element elementor-element-1fce9e51 elementor-widget elementor-widget-gva-counter\" data-id=\"1fce9e51\" data-element_type=\"widget\" data-widget_type=\"gva-counter.default\">\n\t\t\t\t<div class=\"elementor-widget-container\">\n\t\t\t\t\t<div class=\"gva-element-gva-counter gva-element\">\r\n   \r\n         <div class=\"milestone-two__single\">\r\n         <div class=\"milestone-two__icon\"><span class=\"icon\"><i aria-hidden=\"true\" class=\"fas fa-users\"><\/i><\/span><\/div>         <div class=\"milestone-two__content\">\r\n            <div class=\"milestone-two__number\">\r\n               <span class=\"milestone-number\">15<\/span><span class=\"symbol after\"> +<\/span>            <\/div>\r\n            <div class=\"milestone-two__title\">Clients satisfaits<\/div>         <\/div>\r\n               <\/div> \r\n   \r\n   <\/div>\t\t\t\t<\/div>\n\t\t\t\t<\/div>\n\t\t\t\t\t<\/div>\n\t\t<\/div>\n\t\t\t\t<div class=\"elementor-column elementor-col-25 elementor-top-column elementor-element elementor-element-7be8ede0\" data-id=\"7be8ede0\" data-element_type=\"column\">\n\t\t\t<div class=\"elementor-widget-wrap elementor-element-populated\">\n\t\t\t\t\t\t<div class=\"elementor-element elementor-element-256ebee elementor-widget elementor-widget-gva-counter\" data-id=\"256ebee\" data-element_type=\"widget\" data-widget_type=\"gva-counter.default\">\n\t\t\t\t<div class=\"elementor-widget-container\">\n\t\t\t\t\t<div class=\"gva-element-gva-counter gva-element\">\r\n   \r\n         <div class=\"milestone-two__single\">\r\n         <div class=\"milestone-two__icon\"><span class=\"icon\"><i aria-hidden=\"true\" class=\"fas fa-users\"><\/i><\/span><\/div>         <div class=\"milestone-two__content\">\r\n            <div class=\"milestone-two__number\">\r\n               <span class=\"milestone-number\">5<\/span><span class=\"symbol after\"> +<\/span>            <\/div>\r\n            <div class=\"milestone-two__title\">Ann\u00e9es d'exp\u00e9rience<\/div>         <\/div>\r\n               <\/div> \r\n   \r\n   <\/div>\t\t\t\t<\/div>\n\t\t\t\t<\/div>\n\t\t\t\t\t<\/div>\n\t\t<\/div>\n\t\t\t\t<div class=\"elementor-column elementor-col-25 elementor-top-column elementor-element elementor-element-72cc0e2a\" data-id=\"72cc0e2a\" data-element_type=\"column\">\n\t\t\t<div class=\"elementor-widget-wrap elementor-element-populated\">\n\t\t\t\t\t\t<div class=\"elementor-element elementor-element-3d7092a4 elementor-widget elementor-widget-gva-counter\" data-id=\"3d7092a4\" data-element_type=\"widget\" data-widget_type=\"gva-counter.default\">\n\t\t\t\t<div class=\"elementor-widget-container\">\n\t\t\t\t\t<div class=\"gva-element-gva-counter gva-element\">\r\n   \r\n         <div class=\"milestone-two__single\">\r\n         <div class=\"milestone-two__icon\"><span class=\"icon\"><i aria-hidden=\"true\" class=\"fab fa-wpforms\"><\/i><\/span><\/div>         <div class=\"milestone-two__content\">\r\n            <div class=\"milestone-two__number\">\r\n               <span class=\"milestone-number\">15<\/span><span class=\"symbol after\"> +<\/span>            <\/div>\r\n            <div class=\"milestone-two__title\">100\u00a0% de cas r\u00e9ussis<\/div>         <\/div>\r\n               <\/div> \r\n   \r\n   <\/div>\t\t\t\t<\/div>\n\t\t\t\t<\/div>\n\t\t\t\t\t<\/div>\n\t\t<\/div>\n\t\t\t\t<div class=\"elementor-column elementor-col-25 elementor-top-column elementor-element elementor-element-3a0334ed\" data-id=\"3a0334ed\" data-element_type=\"column\">\n\t\t\t<div class=\"elementor-widget-wrap elementor-element-populated\">\n\t\t\t\t\t\t<div class=\"elementor-element elementor-element-7754ae elementor-align-center elementor-widget elementor-widget-button\" data-id=\"7754ae\" data-element_type=\"widget\" data-widget_type=\"button.default\">\n\t\t\t\t<div class=\"elementor-widget-container\">\n\t\t\t\t\t\t\t\t\t<div class=\"elementor-button-wrapper\">\n\t\t\t\t\t<a class=\"elementor-button elementor-button-link elementor-size-sm\" href=\"#\">\n\t\t\t\t\t\t<span class=\"elementor-button-content-wrapper\">\n\t\t\t\t\t\t\t\t\t<span class=\"elementor-button-text\">Demandez une consultation gratuite<\/span>\n\t\t\t\t\t<\/span>\n\t\t\t\t\t<\/a>\n\t\t\t\t<\/div>\n\t\t\t\t\t\t\t\t<\/div>\n\t\t\t\t<\/div>\n\t\t\t\t\t<\/div>\n\t\t<\/div>\n\t\t\t\t\t<\/div>\n\t\t<\/section>\n\t\t\t\t<\/div>\n\t\t","protected":false},"excerpt":{"rendered":"<p>Domaines de pratique Domaines du droit les plus populaires Vous voulez obtenir des conseils juridiques gratuits ? Demandez une consultation gratuite Droit des Affaires Notre cabinet d&#8217;avocats innovant a \u00e9t\u00e9 [&hellip;]<\/p>\n","protected":false},"author":1,"featured_media":0,"parent":0,"menu_order":0,"comment_status":"closed","ping_status":"closed","template":"","meta":{"_acf_changed":false,"footnotes":""},"class_list":["post-8836","page","type-page","status-publish","hentry"],"acf":[],"yoast_head":"<!-- This site is optimized with the Yoast SEO plugin v25.2 - https:\/\/yoast.com\/wordpress\/plugins\/seo\/ -->\n<title>LawGroup Isra\u00ebl\u00a0: cabinets juridiques de confiance<\/title>\n<meta name=\"description\" content=\"D\u00e9couvrez des cabinets juridiques experts adapt\u00e9s \u00e0 vos besoins. B\u00e9n\u00e9ficiez de services juridiques complets pour chaque situation.\" \/>\n<meta name=\"robots\" content=\"index, follow, max-snippet:-1, max-image-preview:large, max-video-preview:-1\" \/>\n<link rel=\"canonical\" href=\"http:\/\/lawgroup-israel.com\/fr\/pratiques\/\" \/>\n<meta property=\"og:locale\" content=\"fr_FR\" \/>\n<meta property=\"og:type\" content=\"article\" \/>\n<meta property=\"og:title\" content=\"LawGroup Isra\u00ebl\u00a0: cabinets juridiques de confiance\" \/>\n<meta property=\"og:description\" content=\"D\u00e9couvrez des cabinets juridiques experts adapt\u00e9s \u00e0 vos besoins. B\u00e9n\u00e9ficiez de services juridiques complets pour chaque situation.\" \/>\n<meta property=\"og:url\" content=\"http:\/\/lawgroup-israel.com\/fr\/pratiques\/\" \/>\n<meta property=\"og:site_name\" content=\"LawGroup\" \/>\n<meta property=\"article:modified_time\" content=\"2025-06-01T21:51:46+00:00\" \/>\n<meta name=\"twitter:card\" content=\"summary_large_image\" \/>\n<meta name=\"twitter:label1\" content=\"Dur\u00e9e de lecture estim\u00e9e\" \/>\n\t<meta name=\"twitter:data1\" content=\"2 minutes\" \/>\n<script type=\"application\/ld+json\" class=\"yoast-schema-graph\">{\"@context\":\"https:\/\/schema.org\",\"@graph\":[{\"@type\":\"WebPage\",\"@id\":\"http:\/\/lawgroup-israel.com\/fr\/pratiques\/\",\"url\":\"http:\/\/lawgroup-israel.com\/fr\/pratiques\/\",\"name\":\"LawGroup Isra\u00ebl\u00a0: cabinets juridiques de confiance\",\"isPartOf\":{\"@id\":\"http:\/\/lawgroup-israel.com\/fr\/#website\"},\"datePublished\":\"2025-01-16T10:44:09+00:00\",\"dateModified\":\"2025-06-01T21:51:46+00:00\",\"description\":\"D\u00e9couvrez des cabinets juridiques experts adapt\u00e9s \u00e0 vos besoins. B\u00e9n\u00e9ficiez de services juridiques complets pour chaque situation.\",\"breadcrumb\":{\"@id\":\"http:\/\/lawgroup-israel.com\/fr\/pratiques\/#breadcrumb\"},\"inLanguage\":\"fr-FR\",\"potentialAction\":[{\"@type\":\"ReadAction\",\"target\":[\"http:\/\/lawgroup-israel.com\/fr\/pratiques\/\"]}]},{\"@type\":\"BreadcrumbList\",\"@id\":\"http:\/\/lawgroup-israel.com\/fr\/pratiques\/#breadcrumb\",\"itemListElement\":[{\"@type\":\"ListItem\",\"position\":1,\"name\":\"Accueil\",\"item\":\"https:\/\/lawgroup-israel.com\/fr\/\"},{\"@type\":\"ListItem\",\"position\":2,\"name\":\"Pratiques\"}]},{\"@type\":\"WebSite\",\"@id\":\"http:\/\/lawgroup-israel.com\/fr\/#website\",\"url\":\"http:\/\/lawgroup-israel.com\/fr\/\",\"name\":\"LawGroup\",\"description\":\"FREDG Law Firm in ISRAEL\",\"potentialAction\":[{\"@type\":\"SearchAction\",\"target\":{\"@type\":\"EntryPoint\",\"urlTemplate\":\"http:\/\/lawgroup-israel.com\/fr\/?s={search_term_string}\"},\"query-input\":{\"@type\":\"PropertyValueSpecification\",\"valueRequired\":true,\"valueName\":\"search_term_string\"}}],\"inLanguage\":\"fr-FR\"}]}<\/script>\n<!-- \/ Yoast SEO plugin. -->","yoast_head_json":{"title":"LawGroup Isra\u00ebl\u00a0: cabinets juridiques de confiance","description":"D\u00e9couvrez des cabinets juridiques experts adapt\u00e9s \u00e0 vos besoins. B\u00e9n\u00e9ficiez de services juridiques complets pour chaque situation.","robots":{"index":"index","follow":"follow","max-snippet":"max-snippet:-1","max-image-preview":"max-image-preview:large","max-video-preview":"max-video-preview:-1"},"canonical":"http:\/\/lawgroup-israel.com\/fr\/pratiques\/","og_locale":"fr_FR","og_type":"article","og_title":"LawGroup Isra\u00ebl\u00a0: cabinets juridiques de confiance","og_description":"D\u00e9couvrez des cabinets juridiques experts adapt\u00e9s \u00e0 vos besoins. B\u00e9n\u00e9ficiez de services juridiques complets pour chaque situation.","og_url":"http:\/\/lawgroup-israel.com\/fr\/pratiques\/","og_site_name":"LawGroup","article_modified_time":"2025-06-01T21:51:46+00:00","twitter_card":"summary_large_image","twitter_misc":{"Dur\u00e9e de lecture estim\u00e9e":"2 minutes"},"schema":{"@context":"https:\/\/schema.org","@graph":[{"@type":"WebPage","@id":"http:\/\/lawgroup-israel.com\/fr\/pratiques\/","url":"http:\/\/lawgroup-israel.com\/fr\/pratiques\/","name":"LawGroup Isra\u00ebl\u00a0: cabinets juridiques de confiance","isPartOf":{"@id":"http:\/\/lawgroup-israel.com\/fr\/#website"},"datePublished":"2025-01-16T10:44:09+00:00","dateModified":"2025-06-01T21:51:46+00:00","description":"D\u00e9couvrez des cabinets juridiques experts adapt\u00e9s \u00e0 vos besoins. B\u00e9n\u00e9ficiez de services juridiques complets pour chaque situation.","breadcrumb":{"@id":"http:\/\/lawgroup-israel.com\/fr\/pratiques\/#breadcrumb"},"inLanguage":"fr-FR","potentialAction":[{"@type":"ReadAction","target":["http:\/\/lawgroup-israel.com\/fr\/pratiques\/"]}]},{"@type":"BreadcrumbList","@id":"http:\/\/lawgroup-israel.com\/fr\/pratiques\/#breadcrumb","itemListElement":[{"@type":"ListItem","position":1,"name":"Accueil","item":"https:\/\/lawgroup-israel.com\/fr\/"},{"@type":"ListItem","position":2,"name":"Pratiques"}]},{"@type":"WebSite","@id":"http:\/\/lawgroup-israel.com\/fr\/#website","url":"http:\/\/lawgroup-israel.com\/fr\/","name":"LawGroup","description":"FREDG Law Firm in ISRAEL","potentialAction":[{"@type":"SearchAction","target":{"@type":"EntryPoint","urlTemplate":"http:\/\/lawgroup-israel.com\/fr\/?s={search_term_string}"},"query-input":{"@type":"PropertyValueSpecification","valueRequired":true,"valueName":"search_term_string"}}],"inLanguage":"fr-FR"}]}},"_links":{"self":[{"href":"http:\/\/lawgroup-israel.com\/fr\/wp-json\/wp\/v2\/pages\/8836","targetHints":{"allow":["GET"]}}],"collection":[{"href":"http:\/\/lawgroup-israel.com\/fr\/wp-json\/wp\/v2\/pages"}],"about":[{"href":"http:\/\/lawgroup-israel.com\/fr\/wp-json\/wp\/v2\/types\/page"}],"author":[{"embeddable":true,"href":"http:\/\/lawgroup-israel.com\/fr\/wp-json\/wp\/v2\/users\/1"}],"replies":[{"embeddable":true,"href":"http:\/\/lawgroup-israel.com\/fr\/wp-json\/wp\/v2\/comments?post=8836"}],"version-history":[{"count":14,"href":"http:\/\/lawgroup-israel.com\/fr\/wp-json\/wp\/v2\/pages\/8836\/revisions"}],"predecessor-version":[{"id":9453,"href":"http:\/\/lawgroup-israel.com\/fr\/wp-json\/wp\/v2\/pages\/8836\/revisions\/9453"}],"wp:attachment":[{"href":"http:\/\/lawgroup-israel.com\/fr\/wp-json\/wp\/v2\/media?parent=8836"}],"curies":[{"name":"wp","href":"https:\/\/api.w.org\/{rel}","templated":true}]}}