{"id":8929,"date":"2022-12-19T02:30:10","date_gmt":"2022-12-19T02:30:10","guid":{"rendered":"https:\/\/lawgroup-israel.com\/blog\/"},"modified":"2025-06-02T16:19:37","modified_gmt":"2025-06-02T16:19:37","slug":"blog","status":"publish","type":"page","link":"http:\/\/lawgroup-israel.com\/fr\/blog\/","title":{"rendered":"Blog"},"content":{"rendered":"\t\t<div data-elementor-type=\"wp-page\" data-elementor-id=\"8929\" class=\"elementor elementor-8929 elementor-27\">\n\t\t\t\t\t\t<section class=\"elementor-section elementor-top-section elementor-element elementor-element-15c24e5 elementor-section-full_width elementor-section-height-default elementor-section-height-default\" data-id=\"15c24e5\" data-element_type=\"section\">\n\t\t\t\t\t\t<div class=\"elementor-container elementor-column-gap-default\">\n\t\t\t\t\t<div class=\"elementor-column elementor-col-100 elementor-top-column elementor-element elementor-element-5072785\" data-id=\"5072785\" data-element_type=\"column\">\n\t\t\t<div class=\"elementor-widget-wrap elementor-element-populated\">\n\t\t\t\t\t\t<div class=\"elementor-element elementor-element-c198af0 elementor-widget elementor-widget-gva_post_breadcrumb\" data-id=\"c198af0\" data-element_type=\"widget\" data-widget_type=\"gva_post_breadcrumb.default\">\n\t\t\t\t<div class=\"elementor-widget-container\">\n\t\t\t\t\t<div class=\"gva-element-gva_post_breadcrumb gva-element\">   \r\n<div class=\"post-breadcrumb\">\r\n   <div class=\"custom-breadcrumb \" >\r\n            <div class=\"breadcrumb-main\">\r\n        <div class=\"container\">\r\n          <div class=\"breadcrumb-container-inner\">\r\n            <h2 class=\"heading-title\">Blog<\/h2><ol class=\"breadcrumb\"><li><a href=\"http:\/\/lawgroup-israel.com\/fr\/\">Accueil<\/a> <\/li> <li class=\"active\">Page<\/li><\/ol>          <\/div>  \r\n        <\/div>   \r\n      <\/div>  \r\n   <\/div>\r\n<\/div>      \r\n\r\n<\/div>\t\t\t\t<\/div>\n\t\t\t\t<\/div>\n\t\t\t\t\t<\/div>\n\t\t<\/div>\n\t\t\t\t\t<\/div>\n\t\t<\/section>\n\t\t\t\t<section class=\"elementor-section elementor-top-section elementor-element elementor-element-7f5ed33 elementor-section-boxed elementor-section-height-default elementor-section-height-default\" data-id=\"7f5ed33\" data-element_type=\"section\">\n\t\t\t\t\t\t<div class=\"elementor-container elementor-column-gap-default\">\n\t\t\t\t\t<div class=\"elementor-column elementor-col-100 elementor-top-column elementor-element elementor-element-d5a2a26\" data-id=\"d5a2a26\" data-element_type=\"column\">\n\t\t\t<div class=\"elementor-widget-wrap\">\n\t\t\t\t\t\t\t<\/div>\n\t\t<\/div>\n\t\t\t\t\t<\/div>\n\t\t<\/section>\n\t\t\t\t<section class=\"elementor-section elementor-top-section elementor-element elementor-element-2ac74c4 elementor-section-boxed elementor-section-height-default elementor-section-height-default\" data-id=\"2ac74c4\" data-element_type=\"section\">\n\t\t\t\t\t\t<div class=\"elementor-container elementor-column-gap-default\">\n\t\t\t\t\t<div class=\"elementor-column elementor-col-100 elementor-top-column elementor-element elementor-element-2d8cdf9\" data-id=\"2d8cdf9\" data-element_type=\"column\">\n\t\t\t<div class=\"elementor-widget-wrap elementor-element-populated\">\n\t\t\t\t\t\t<div class=\"elementor-element elementor-element-9678132 elementor-widget elementor-widget-gva-posts\" data-id=\"9678132\" data-element_type=\"widget\" data-widget_type=\"gva-posts.default\">\n\t\t\t\t<div class=\"elementor-widget-container\">\n\t\t\t\t\t<div class=\"gva-element-gva-posts gva-element\">  \r\n  <div class=\"gva-posts-grid clearfix gva-posts\">\r\n\t\t<div class=\"gva-content-items\"> \r\n\t\t  <div class=\"lg-block-grid-3 md-block-grid-3 sm-block-grid-2 xs-block-grid-2 xx-block-grid-1\">\r\n\t\t\t <div class=\"item-columns\">\r\n   <article class=\"post post-one__single post-10004 type-post status-publish format-standard has-post-thumbnail hentry category-non-classifiee\">\r\n      <div class=\"post-one__thumbnail\"><a href=\"http:\/\/lawgroup-israel.com\/fr\/cabinet-davocats-a-jerusalem-votre-partenaire-juridique-de-confiance\/\"><img fetchpriority=\"high\" decoding=\"async\" width=\"500\" height=\"400\" src=\"http:\/\/lawgroup-israel.com\/wp-content\/uploads\/2025\/05\/ChatGPT-Image-May-20-2025-12_06_09-PM-compressed-500x400.jpg\" class=\"attachment-post-thumbnail size-post-thumbnail wp-post-image\" alt=\"Cabinet d&#8217;avocats \u00e0 J\u00e9rusalem : votre partenaire juridique de confiance\" \/><\/a><\/div>       \r\n      <div class=\"post-one__content has-thumbnail\">\r\n         <div class=\"post-one__date\"><span class=\"date\">19<\/span><span class=\"month\">Mai<\/span><\/div>         <div class=\"post-one__content-inner\">\r\n            <div class=\"post-one__meta\">\r\n               <div class=\"clearfix meta-inline post-meta-1\"><span class=\"author vcard\"><i class=\"fas fa-user-circle\"><\/i>LawyerAdmin<\/span><span class=\"post-comment\"><i class=\"fas fa-comments\"><\/i>0 Commentaires<\/span><\/div>            <\/div> \r\n            <h3 class=\"post-one__title\"><a href=\"http:\/\/lawgroup-israel.com\/fr\/cabinet-davocats-a-jerusalem-votre-partenaire-juridique-de-confiance\/\" rel=\"bookmark\">Cabinet d&#8217;avocats \u00e0 J\u00e9rusalem : votre partenaire juridique de confiance<\/a><\/h3>\r\n                     <\/div>\r\n         <div class=\"post-one__bottom\">\r\n            <a class=\"post-one__read-more\" href=\"http:\/\/lawgroup-israel.com\/fr\/cabinet-davocats-a-jerusalem-votre-partenaire-juridique-de-confiance\/\">\r\n              Lire la suite            <\/a>\r\n            <a class=\"post-one__arrow\" href=\"http:\/\/lawgroup-israel.com\/fr\/cabinet-davocats-a-jerusalem-votre-partenaire-juridique-de-confiance\/\">\r\n              <i class=\"fas fa-arrow-right\"><\/i>\r\n            <\/a>\r\n         <\/div>\r\n      <\/div>\r\n   <\/article>   \r\n\r\n  <\/div><div class=\"item-columns\">\r\n   <article class=\"post post-one__single post-9938 type-post status-publish format-standard has-post-thumbnail hentry category-non-classifiee\">\r\n      <div class=\"post-one__thumbnail\"><a href=\"http:\/\/lawgroup-israel.com\/fr\/avocat-litiges-israel-clarte-juridique-justice\/\"><img decoding=\"async\" width=\"500\" height=\"400\" src=\"http:\/\/lawgroup-israel.com\/wp-content\/uploads\/2025\/05\/ChatGPT-Image-May-9-2025-01_52_00-PM-compressed-500x400.jpg\" class=\"attachment-post-thumbnail size-post-thumbnail wp-post-image\" alt=\"Avocat sp\u00e9cialis\u00e9 en litiges en Isra\u00ebl : votre passerelle vers la clart\u00e9 juridique et la justice\" \/><\/a><\/div>       \r\n      <div class=\"post-one__content has-thumbnail\">\r\n         <div class=\"post-one__date\"><span class=\"date\">12<\/span><span class=\"month\">Mai<\/span><\/div>         <div class=\"post-one__content-inner\">\r\n            <div class=\"post-one__meta\">\r\n               <div class=\"clearfix meta-inline post-meta-1\"><span class=\"author vcard\"><i class=\"fas fa-user-circle\"><\/i>LawyerAdmin<\/span><span class=\"post-comment\"><i class=\"fas fa-comments\"><\/i>0 Commentaires<\/span><\/div>            <\/div> \r\n            <h3 class=\"post-one__title\"><a href=\"http:\/\/lawgroup-israel.com\/fr\/avocat-litiges-israel-clarte-juridique-justice\/\" rel=\"bookmark\">Avocat sp\u00e9cialis\u00e9 en litiges en Isra\u00ebl : votre passerelle vers la clart\u00e9 juridique et la justice<\/a><\/h3>\r\n                     <\/div>\r\n         <div class=\"post-one__bottom\">\r\n            <a class=\"post-one__read-more\" href=\"http:\/\/lawgroup-israel.com\/fr\/avocat-litiges-israel-clarte-juridique-justice\/\">\r\n              Lire la suite            <\/a>\r\n            <a class=\"post-one__arrow\" href=\"http:\/\/lawgroup-israel.com\/fr\/avocat-litiges-israel-clarte-juridique-justice\/\">\r\n              <i class=\"fas fa-arrow-right\"><\/i>\r\n            <\/a>\r\n         <\/div>\r\n      <\/div>\r\n   <\/article>   \r\n\r\n  <\/div><div class=\"item-columns\">\r\n   <article class=\"post post-one__single post-9949 type-post status-publish format-standard has-post-thumbnail hentry category-non-classifiee\">\r\n      <div class=\"post-one__thumbnail\"><a href=\"http:\/\/lawgroup-israel.com\/fr\/services-juridiques-pour-lexecution-des-jugements-en-israel-votre-partenaire-juridique-de-confiance\/\"><img decoding=\"async\" width=\"500\" height=\"400\" src=\"http:\/\/lawgroup-israel.com\/wp-content\/uploads\/2025\/05\/May-9-2025-02_45_05-PM-compressed-500x400.jpg\" class=\"attachment-post-thumbnail size-post-thumbnail wp-post-image\" alt=\"Services juridiques pour l&#8217;ex\u00e9cution des jugements en Isra\u00ebl : votre partenaire juridique de confiance\" \/><\/a><\/div>       \r\n      <div class=\"post-one__content has-thumbnail\">\r\n         <div class=\"post-one__date\"><span class=\"date\">06<\/span><span class=\"month\">Mai<\/span><\/div>         <div class=\"post-one__content-inner\">\r\n            <div class=\"post-one__meta\">\r\n               <div class=\"clearfix meta-inline post-meta-1\"><span class=\"author vcard\"><i class=\"fas fa-user-circle\"><\/i>LawyerAdmin<\/span><span class=\"post-comment\"><i class=\"fas fa-comments\"><\/i>0 Commentaires<\/span><\/div>            <\/div> \r\n            <h3 class=\"post-one__title\"><a href=\"http:\/\/lawgroup-israel.com\/fr\/services-juridiques-pour-lexecution-des-jugements-en-israel-votre-partenaire-juridique-de-confiance\/\" rel=\"bookmark\">Services juridiques pour l&#8217;ex\u00e9cution des jugements en Isra\u00ebl : votre partenaire juridique de confiance<\/a><\/h3>\r\n                     <\/div>\r\n         <div class=\"post-one__bottom\">\r\n            <a class=\"post-one__read-more\" href=\"http:\/\/lawgroup-israel.com\/fr\/services-juridiques-pour-lexecution-des-jugements-en-israel-votre-partenaire-juridique-de-confiance\/\">\r\n              Lire la suite            <\/a>\r\n            <a class=\"post-one__arrow\" href=\"http:\/\/lawgroup-israel.com\/fr\/services-juridiques-pour-lexecution-des-jugements-en-israel-votre-partenaire-juridique-de-confiance\/\">\r\n              <i class=\"fas fa-arrow-right\"><\/i>\r\n            <\/a>\r\n         <\/div>\r\n      <\/div>\r\n   <\/article>   \r\n\r\n  <\/div><div class=\"item-columns\">\r\n   <article class=\"post post-one__single post-9945 type-post status-publish format-standard has-post-thumbnail hentry category-non-classifiee\">\r\n      <div class=\"post-one__thumbnail\"><a href=\"http:\/\/lawgroup-israel.com\/fr\/avocat-specialise-en-petites-entreprises-en-israel-votre-partenaire-juridique-pour-votre-croissance-et-votre-reussite\/\"><img loading=\"lazy\" decoding=\"async\" width=\"500\" height=\"400\" src=\"http:\/\/lawgroup-israel.com\/wp-content\/uploads\/2025\/05\/ChatGPT-Image-May-9-2025-02_19_04-PM-compressed-500x400.jpg\" class=\"attachment-post-thumbnail size-post-thumbnail wp-post-image\" alt=\"Avocat sp\u00e9cialis\u00e9 en petites entreprises en Isra\u00ebl : votre partenaire juridique pour votre croissance et votre r\u00e9ussite\" \/><\/a><\/div>       \r\n      <div class=\"post-one__content has-thumbnail\">\r\n         <div class=\"post-one__date\"><span class=\"date\">05<\/span><span class=\"month\">Mai<\/span><\/div>         <div class=\"post-one__content-inner\">\r\n            <div class=\"post-one__meta\">\r\n               <div class=\"clearfix meta-inline post-meta-1\"><span class=\"author vcard\"><i class=\"fas fa-user-circle\"><\/i>LawyerAdmin<\/span><span class=\"post-comment\"><i class=\"fas fa-comments\"><\/i>0 Commentaires<\/span><\/div>            <\/div> \r\n            <h3 class=\"post-one__title\"><a href=\"http:\/\/lawgroup-israel.com\/fr\/avocat-specialise-en-petites-entreprises-en-israel-votre-partenaire-juridique-pour-votre-croissance-et-votre-reussite\/\" rel=\"bookmark\">Avocat sp\u00e9cialis\u00e9 en petites entreprises en Isra\u00ebl : votre partenaire juridique pour votre croissance et votre r\u00e9ussite<\/a><\/h3>\r\n                     <\/div>\r\n         <div class=\"post-one__bottom\">\r\n            <a class=\"post-one__read-more\" href=\"http:\/\/lawgroup-israel.com\/fr\/avocat-specialise-en-petites-entreprises-en-israel-votre-partenaire-juridique-pour-votre-croissance-et-votre-reussite\/\">\r\n              Lire la suite            <\/a>\r\n            <a class=\"post-one__arrow\" href=\"http:\/\/lawgroup-israel.com\/fr\/avocat-specialise-en-petites-entreprises-en-israel-votre-partenaire-juridique-pour-votre-croissance-et-votre-reussite\/\">\r\n              <i class=\"fas fa-arrow-right\"><\/i>\r\n            <\/a>\r\n         <\/div>\r\n      <\/div>\r\n   <\/article>   \r\n\r\n  <\/div><div class=\"item-columns\">\r\n   <article class=\"post post-one__single post-9876 type-post status-publish format-standard has-post-thumbnail hentry category-non-classifiee tag-avocat-israel-france\">\r\n      <div class=\"post-one__thumbnail\"><a href=\"http:\/\/lawgroup-israel.com\/fr\/avocat-specialise-en-contentieux-votre-bouclier-juridique-ultime-en-cas-de-litige-et-au-dela\/\"><img loading=\"lazy\" decoding=\"async\" width=\"500\" height=\"400\" src=\"http:\/\/lawgroup-israel.com\/wp-content\/uploads\/2025\/04\/Apr-23-2025-04_55_30-PM-compressed-500x400.jpg\" class=\"attachment-post-thumbnail size-post-thumbnail wp-post-image\" alt=\"Avocat sp\u00e9cialis\u00e9 en contentieux : votre bouclier juridique ultime en cas de litige et au-del\u00e0\" \/><\/a><\/div>       \r\n      <div class=\"post-one__content has-thumbnail\">\r\n         <div class=\"post-one__date\"><span class=\"date\">22<\/span><span class=\"month\">Avr<\/span><\/div>         <div class=\"post-one__content-inner\">\r\n            <div class=\"post-one__meta\">\r\n               <div class=\"clearfix meta-inline post-meta-1\"><span class=\"author vcard\"><i class=\"fas fa-user-circle\"><\/i>LawyerAdmin<\/span><span class=\"post-comment\"><i class=\"fas fa-comments\"><\/i>0 Commentaires<\/span><\/div>            <\/div> \r\n            <h3 class=\"post-one__title\"><a href=\"http:\/\/lawgroup-israel.com\/fr\/avocat-specialise-en-contentieux-votre-bouclier-juridique-ultime-en-cas-de-litige-et-au-dela\/\" rel=\"bookmark\">Avocat sp\u00e9cialis\u00e9 en contentieux : votre bouclier juridique ultime en cas de litige et au-del\u00e0<\/a><\/h3>\r\n                     <\/div>\r\n         <div class=\"post-one__bottom\">\r\n            <a class=\"post-one__read-more\" href=\"http:\/\/lawgroup-israel.com\/fr\/avocat-specialise-en-contentieux-votre-bouclier-juridique-ultime-en-cas-de-litige-et-au-dela\/\">\r\n              Lire la suite            <\/a>\r\n            <a class=\"post-one__arrow\" href=\"http:\/\/lawgroup-israel.com\/fr\/avocat-specialise-en-contentieux-votre-bouclier-juridique-ultime-en-cas-de-litige-et-au-dela\/\">\r\n              <i class=\"fas fa-arrow-right\"><\/i>\r\n            <\/a>\r\n         <\/div>\r\n      <\/div>\r\n   <\/article>   \r\n\r\n  <\/div><div class=\"item-columns\">\r\n   <article class=\"post post-one__single post-9874 type-post status-publish format-standard has-post-thumbnail hentry category-non-classifiee\">\r\n      <div class=\"post-one__thumbnail\"><a href=\"http:\/\/lawgroup-israel.com\/fr\/conseils-juridiques-pour-les-petites-entreprises-une-bouee-de-sauvetage-pour-la-reussite-entrepreneuriale\/\"><img loading=\"lazy\" decoding=\"async\" width=\"500\" height=\"400\" src=\"http:\/\/lawgroup-israel.com\/wp-content\/uploads\/2025\/04\/ChatGPT-Image-Apr-23-2025-04_42_58-PM-compressed-500x400.jpg\" class=\"attachment-post-thumbnail size-post-thumbnail wp-post-image\" alt=\"Conseils juridiques pour les petites entreprises : une bou\u00e9e de sauvetage pour la r\u00e9ussite entrepreneuriale\" \/><\/a><\/div>       \r\n      <div class=\"post-one__content has-thumbnail\">\r\n         <div class=\"post-one__date\"><span class=\"date\">22<\/span><span class=\"month\">Avr<\/span><\/div>         <div class=\"post-one__content-inner\">\r\n            <div class=\"post-one__meta\">\r\n               <div class=\"clearfix meta-inline post-meta-1\"><span class=\"author vcard\"><i class=\"fas fa-user-circle\"><\/i>LawyerAdmin<\/span><span class=\"post-comment\"><i class=\"fas fa-comments\"><\/i>0 Commentaires<\/span><\/div>            <\/div> \r\n            <h3 class=\"post-one__title\"><a href=\"http:\/\/lawgroup-israel.com\/fr\/conseils-juridiques-pour-les-petites-entreprises-une-bouee-de-sauvetage-pour-la-reussite-entrepreneuriale\/\" rel=\"bookmark\">Conseils juridiques pour les petites entreprises : une bou\u00e9e de sauvetage pour la r\u00e9ussite entrepreneuriale<\/a><\/h3>\r\n                     <\/div>\r\n         <div class=\"post-one__bottom\">\r\n            <a class=\"post-one__read-more\" href=\"http:\/\/lawgroup-israel.com\/fr\/conseils-juridiques-pour-les-petites-entreprises-une-bouee-de-sauvetage-pour-la-reussite-entrepreneuriale\/\">\r\n              Lire la suite            <\/a>\r\n            <a class=\"post-one__arrow\" href=\"http:\/\/lawgroup-israel.com\/fr\/conseils-juridiques-pour-les-petites-entreprises-une-bouee-de-sauvetage-pour-la-reussite-entrepreneuriale\/\">\r\n              <i class=\"fas fa-arrow-right\"><\/i>\r\n            <\/a>\r\n         <\/div>\r\n      <\/div>\r\n   <\/article>   \r\n\r\n  <\/div>\t\t  <\/div>\r\n\t\t<\/div>\r\n\t\t\t\t\t <div class=\"pagination\">\r\n\t\t\t\t  <div class=\"column one pager_wrapper\"><div class=\"pager\"><div class=\"paginations\"><a href=\"http:\/\/lawgroup-israel.com\/fr\/wp-json\/wp\/v2\/pages\/8929\/\" class=\"page-item active\">1<\/a><a href=\"http:\/\/lawgroup-israel.com\/fr\/wp-json\/wp\/v2\/pages\/8929\/page\/2\/\" class=\"page-item\">2<\/a><a href=\"http:\/\/lawgroup-israel.com\/fr\/wp-json\/wp\/v2\/pages\/8929\/page\/3\/\" class=\"page-item\">3<\/a><span class=\"page-item\">... <\/span><a href=\"http:\/\/lawgroup-israel.com\/fr\/wp-json\/wp\/v2\/pages\/8929\/page\/5\/\" class=\"page-item\">5<\/a><a class=\"next_page\" href=\"http:\/\/lawgroup-israel.com\/fr\/wp-json\/wp\/v2\/pages\/8929\/page\/2\/\"><i class=\"fas fa-chevron-right\"><\/i><\/a><\/div><\/div><\/div>\n\t\t\t <\/div>\r\n\t\t  <\/div>\r\n  <\/div>\t\t\t\t<\/div>\n\t\t\t\t<\/div>\n\t\t\t\t\t<\/div>\n\t\t<\/div>\n\t\t\t\t\t<\/div>\n\t\t<\/section>\n\t\t\t\t<\/div>\n\t\t","protected":false},"excerpt":{"rendered":"<p>Blog Home Page 24Mar LawyerAdmin0 Comments Avocat france-isra\u00ebl : relier les syst\u00e8mes juridiques pour des solutions transparentes. Read More 24Mar LawyerAdmin0 Comments Votre avocat de confiance France-Isra\u00ebl pour des solutions [&hellip;]<\/p>\n","protected":false},"author":1,"featured_media":9912,"parent":0,"menu_order":0,"comment_status":"closed","ping_status":"closed","template":"","meta":{"_acf_changed":false,"footnotes":""},"class_list":["post-8929","page","type-page","status-publish","has-post-thumbnail","hentry"],"acf":[],"yoast_head":"<!-- This site is optimized with the Yoast SEO plugin v25.2 - https:\/\/yoast.com\/wordpress\/plugins\/seo\/ -->\n<title>D\u00e9couvrez des conseils juridiques sur notre blog aujourd&#039;hui<\/title>\n<meta name=\"description\" content=\"D\u00e9couvrez des informations juridiques, des actualit\u00e9s et des articles d&#039;experts sur le blog du Law Group Israel. Restez inform\u00e9 et autonome.\" \/>\n<meta name=\"robots\" content=\"index, follow, max-snippet:-1, max-image-preview:large, max-video-preview:-1\" \/>\n<link rel=\"canonical\" href=\"http:\/\/lawgroup-israel.com\/fr\/blog\/\" \/>\n<meta property=\"og:locale\" content=\"fr_FR\" \/>\n<meta property=\"og:type\" content=\"article\" \/>\n<meta property=\"og:title\" content=\"D\u00e9couvrez des conseils juridiques sur notre blog aujourd&#039;hui\" \/>\n<meta property=\"og:description\" content=\"D\u00e9couvrez des informations juridiques, des actualit\u00e9s et des articles d&#039;experts sur le blog du Law Group Israel. Restez inform\u00e9 et autonome.\" \/>\n<meta property=\"og:url\" content=\"http:\/\/lawgroup-israel.com\/fr\/blog\/\" \/>\n<meta property=\"og:site_name\" content=\"LawGroup\" \/>\n<meta property=\"article:modified_time\" content=\"2025-06-02T16:19:37+00:00\" \/>\n<meta property=\"og:image\" content=\"https:\/\/lawgroup-israel.com\/wp-content\/uploads\/2025\/04\/istockphoto-1252684502-612x612-1.jpg\" \/>\n\t<meta property=\"og:image:width\" content=\"612\" \/>\n\t<meta property=\"og:image:height\" content=\"390\" \/>\n\t<meta property=\"og:image:type\" content=\"image\/jpeg\" \/>\n<meta name=\"twitter:card\" content=\"summary_large_image\" \/>\n<meta name=\"twitter:label1\" content=\"Dur\u00e9e de lecture estim\u00e9e\" \/>\n\t<meta name=\"twitter:data1\" content=\"1 minute\" \/>\n<script type=\"application\/ld+json\" class=\"yoast-schema-graph\">{\"@context\":\"https:\/\/schema.org\",\"@graph\":[{\"@type\":\"WebPage\",\"@id\":\"http:\/\/lawgroup-israel.com\/fr\/blog\/\",\"url\":\"http:\/\/lawgroup-israel.com\/fr\/blog\/\",\"name\":\"D\u00e9couvrez des conseils juridiques sur notre blog aujourd'hui\",\"isPartOf\":{\"@id\":\"https:\/\/lawgroup-israel.com\/fr\/#website\"},\"primaryImageOfPage\":{\"@id\":\"http:\/\/lawgroup-israel.com\/fr\/blog\/#primaryimage\"},\"image\":{\"@id\":\"http:\/\/lawgroup-israel.com\/fr\/blog\/#primaryimage\"},\"thumbnailUrl\":\"http:\/\/lawgroup-israel.com\/wp-content\/uploads\/2025\/04\/istockphoto-1252684502-612x612-1.jpg\",\"datePublished\":\"2022-12-19T02:30:10+00:00\",\"dateModified\":\"2025-06-02T16:19:37+00:00\",\"description\":\"D\u00e9couvrez des informations juridiques, des actualit\u00e9s et des articles d'experts sur le blog du Law Group Israel. Restez inform\u00e9 et autonome.\",\"breadcrumb\":{\"@id\":\"http:\/\/lawgroup-israel.com\/fr\/blog\/#breadcrumb\"},\"inLanguage\":\"fr-FR\",\"potentialAction\":[{\"@type\":\"ReadAction\",\"target\":[\"http:\/\/lawgroup-israel.com\/fr\/blog\/\"]}]},{\"@type\":\"ImageObject\",\"inLanguage\":\"fr-FR\",\"@id\":\"http:\/\/lawgroup-israel.com\/fr\/blog\/#primaryimage\",\"url\":\"http:\/\/lawgroup-israel.com\/wp-content\/uploads\/2025\/04\/istockphoto-1252684502-612x612-1.jpg\",\"contentUrl\":\"http:\/\/lawgroup-israel.com\/wp-content\/uploads\/2025\/04\/istockphoto-1252684502-612x612-1.jpg\",\"width\":612,\"height\":390,\"caption\":\"Professional blogger working on his new post for social media at home, close up. Creative collage. Panorama\"},{\"@type\":\"BreadcrumbList\",\"@id\":\"http:\/\/lawgroup-israel.com\/fr\/blog\/#breadcrumb\",\"itemListElement\":[{\"@type\":\"ListItem\",\"position\":1,\"name\":\"Accueil\",\"item\":\"https:\/\/lawgroup-israel.com\/fr\/\"},{\"@type\":\"ListItem\",\"position\":2,\"name\":\"Blog\"}]},{\"@type\":\"WebSite\",\"@id\":\"https:\/\/lawgroup-israel.com\/fr\/#website\",\"url\":\"https:\/\/lawgroup-israel.com\/fr\/\",\"name\":\"LawGroup\",\"description\":\"FREDG Law Firm in ISRAEL\",\"potentialAction\":[{\"@type\":\"SearchAction\",\"target\":{\"@type\":\"EntryPoint\",\"urlTemplate\":\"https:\/\/lawgroup-israel.com\/fr\/?s={search_term_string}\"},\"query-input\":{\"@type\":\"PropertyValueSpecification\",\"valueRequired\":true,\"valueName\":\"search_term_string\"}}],\"inLanguage\":\"fr-FR\"}]}<\/script>\n<!-- \/ Yoast SEO plugin. -->","yoast_head_json":{"title":"D\u00e9couvrez des conseils juridiques sur notre blog aujourd'hui","description":"D\u00e9couvrez des informations juridiques, des actualit\u00e9s et des articles d'experts sur le blog du Law Group Israel. Restez inform\u00e9 et autonome.","robots":{"index":"index","follow":"follow","max-snippet":"max-snippet:-1","max-image-preview":"max-image-preview:large","max-video-preview":"max-video-preview:-1"},"canonical":"http:\/\/lawgroup-israel.com\/fr\/blog\/","og_locale":"fr_FR","og_type":"article","og_title":"D\u00e9couvrez des conseils juridiques sur notre blog aujourd'hui","og_description":"D\u00e9couvrez des informations juridiques, des actualit\u00e9s et des articles d'experts sur le blog du Law Group Israel. Restez inform\u00e9 et autonome.","og_url":"http:\/\/lawgroup-israel.com\/fr\/blog\/","og_site_name":"LawGroup","article_modified_time":"2025-06-02T16:19:37+00:00","og_image":[{"width":612,"height":390,"url":"https:\/\/lawgroup-israel.com\/wp-content\/uploads\/2025\/04\/istockphoto-1252684502-612x612-1.jpg","type":"image\/jpeg"}],"twitter_card":"summary_large_image","twitter_misc":{"Dur\u00e9e de lecture estim\u00e9e":"1 minute"},"schema":{"@context":"https:\/\/schema.org","@graph":[{"@type":"WebPage","@id":"http:\/\/lawgroup-israel.com\/fr\/blog\/","url":"http:\/\/lawgroup-israel.com\/fr\/blog\/","name":"D\u00e9couvrez des conseils juridiques sur notre blog aujourd'hui","isPartOf":{"@id":"https:\/\/lawgroup-israel.com\/fr\/#website"},"primaryImageOfPage":{"@id":"http:\/\/lawgroup-israel.com\/fr\/blog\/#primaryimage"},"image":{"@id":"http:\/\/lawgroup-israel.com\/fr\/blog\/#primaryimage"},"thumbnailUrl":"http:\/\/lawgroup-israel.com\/wp-content\/uploads\/2025\/04\/istockphoto-1252684502-612x612-1.jpg","datePublished":"2022-12-19T02:30:10+00:00","dateModified":"2025-06-02T16:19:37+00:00","description":"D\u00e9couvrez des informations juridiques, des actualit\u00e9s et des articles d'experts sur le blog du Law Group Israel. Restez inform\u00e9 et autonome.","breadcrumb":{"@id":"http:\/\/lawgroup-israel.com\/fr\/blog\/#breadcrumb"},"inLanguage":"fr-FR","potentialAction":[{"@type":"ReadAction","target":["http:\/\/lawgroup-israel.com\/fr\/blog\/"]}]},{"@type":"ImageObject","inLanguage":"fr-FR","@id":"http:\/\/lawgroup-israel.com\/fr\/blog\/#primaryimage","url":"http:\/\/lawgroup-israel.com\/wp-content\/uploads\/2025\/04\/istockphoto-1252684502-612x612-1.jpg","contentUrl":"http:\/\/lawgroup-israel.com\/wp-content\/uploads\/2025\/04\/istockphoto-1252684502-612x612-1.jpg","width":612,"height":390,"caption":"Professional blogger working on his new post for social media at home, close up. Creative collage. Panorama"},{"@type":"BreadcrumbList","@id":"http:\/\/lawgroup-israel.com\/fr\/blog\/#breadcrumb","itemListElement":[{"@type":"ListItem","position":1,"name":"Accueil","item":"https:\/\/lawgroup-israel.com\/fr\/"},{"@type":"ListItem","position":2,"name":"Blog"}]},{"@type":"WebSite","@id":"https:\/\/lawgroup-israel.com\/fr\/#website","url":"https:\/\/lawgroup-israel.com\/fr\/","name":"LawGroup","description":"FREDG Law Firm in ISRAEL","potentialAction":[{"@type":"SearchAction","target":{"@type":"EntryPoint","urlTemplate":"https:\/\/lawgroup-israel.com\/fr\/?s={search_term_string}"},"query-input":{"@type":"PropertyValueSpecification","valueRequired":true,"valueName":"search_term_string"}}],"inLanguage":"fr-FR"}]}},"_links":{"self":[{"href":"http:\/\/lawgroup-israel.com\/fr\/wp-json\/wp\/v2\/pages\/8929","targetHints":{"allow":["GET"]}}],"collection":[{"href":"http:\/\/lawgroup-israel.com\/fr\/wp-json\/wp\/v2\/pages"}],"about":[{"href":"http:\/\/lawgroup-israel.com\/fr\/wp-json\/wp\/v2\/types\/page"}],"author":[{"embeddable":true,"href":"http:\/\/lawgroup-israel.com\/fr\/wp-json\/wp\/v2\/users\/1"}],"replies":[{"embeddable":true,"href":"http:\/\/lawgroup-israel.com\/fr\/wp-json\/wp\/v2\/comments?post=8929"}],"version-history":[{"count":15,"href":"http:\/\/lawgroup-israel.com\/fr\/wp-json\/wp\/v2\/pages\/8929\/revisions"}],"predecessor-version":[{"id":9915,"href":"http:\/\/lawgroup-israel.com\/fr\/wp-json\/wp\/v2\/pages\/8929\/revisions\/9915"}],"wp:featuredmedia":[{"embeddable":true,"href":"http:\/\/lawgroup-israel.com\/fr\/wp-json\/wp\/v2\/media\/9912"}],"wp:attachment":[{"href":"http:\/\/lawgroup-israel.com\/fr\/wp-json\/wp\/v2\/media?parent=8929"}],"curies":[{"name":"wp","href":"https:\/\/api.w.org\/{rel}","templated":true}]}}