{"id":9478,"date":"2025-03-05T12:27:22","date_gmt":"2025-03-05T12:27:22","guid":{"rendered":"https:\/\/lawgroup-israel.com\/blog\/services-juridiques-pour-les-couples-qui-se-preparent-au-divorce\/"},"modified":"2025-03-05T12:27:22","modified_gmt":"2025-03-05T12:27:22","slug":"services-juridiques-pour-les-couples-qui-se-preparent-au-divorce","status":"publish","type":"page","link":"http:\/\/lawgroup-israel.com\/fr\/blog\/services-juridiques-pour-les-couples-qui-se-preparent-au-divorce\/","title":{"rendered":"Services juridiques pour les couples qui se pr\u00e9parent au divorce"},"content":{"rendered":"<p><b>Meta Description&nbsp;: Vous recherchez des services juridiques pour les couples qui se pr\u00e9parent au divorce ? Notre avocat exp\u00e9riment\u00e9 en Isra\u00ebl France fournit des conseils d\u2019experts pour une transition en douceur.<\/b><\/p>\n<h2><b>Comprendre le processus de divorce et l\u2019aide juridique<\/b><\/h2>\n<p><span style=\"font-weight: 400;\">Le divorce est un processus juridique \u00e9motionnel et complexe qui n\u00e9cessite une planification minutieuse et des conseils d\u2019experts. Que vous et votre conjoint ayez convenu d\u2019un commun accord de vous s\u00e9parer ou que vous fassiez face \u00e0 un divorce en appel, le fait d\u2019assurer les bons services juridiques aux couples qui se pr\u00e9parent au divorce garantit la protection de vos droits et int\u00e9r\u00eats. Travailler avec un avocat franco-isra\u00e9lien exp\u00e9riment\u00e9 est particuli\u00e8rement essentiel lorsqu\u2019il s\u2019agit de divorces transfrontaliers, o\u00f9 les syst\u00e8mes juridiques et les questions de juridiction peuvent compliquer les choses.<\/span><\/p>\n<p><span style=\"font-weight: 400;\">Une repr\u00e9sentation juridique ad\u00e9quate aide \u00e0 r\u00e9pondre aux pr\u00e9occupations li\u00e9es au partage des biens, \u00e0 la garde des enfants, \u00e0 la pension alimentaire pour conjoint et \u00e0 la documentation juridique. Lorsque vous vous pr\u00e9parez \u00e0 divorcer, il est essentiel de demander des conseils juridiques professionnels pour vous assurer de bien comprendre vos droits et obligations en vertu de la loi.<\/span><\/p>\n<h2><b>Pourquoi la pr\u00e9paration est essentielle dans les proc\u00e9dures de divorce<\/b><\/h2>\n<p><span style=\"font-weight: 400;\">Le divorce n\u2019est pas seulement une dissolution l\u00e9gale d\u2019un mariage ; Cela affecte les finances, les \u00e9motions et la dynamique familiale. La recherche de services juridiques pour les couples qui se pr\u00e9parent au divorce vous permet de vous pr\u00e9parer \u00e0 tous les aspects du processus tout en r\u00e9duisant l\u2019incertitude et le stress. Un avocat isra\u00e9lien exp\u00e9riment\u00e9 en France aide les clients \u00e0 naviguer dans les exigences l\u00e9gales, \u00e0 soumettre les documents n\u00e9cessaires et \u00e0 n\u00e9gocier des arrangements \u00e9quitables et juridiquement solides.<\/span><\/p>\n<p><span style=\"font-weight: 400;\">La pr\u00e9paration comprend la collecte de documents financiers, la compr\u00e9hension des arrangements de garde d\u2019enfants et la discussion sur le partage des biens. En prenant ces mesures t\u00f4t, les couples peuvent \u00e9viter de longues batailles juridiques et faciliter la transition. L\u2019assistance juridique professionnelle permet de s\u2019assurer que tous les accords n\u00e9cessaires sont en place avant le d\u00e9but de la proc\u00e9dure formelle.<\/span><\/p>\n<h2><b>Diff\u00e9rences juridiques entre Isra\u00ebl et la France<\/b><\/h2>\n<p><span style=\"font-weight: 400;\">Pour les couples ayant des liens \u00e0 la fois avec Isra\u00ebl et la France, les diff\u00e9rences juridiques peuvent compliquer la proc\u00e9dure de divorce. En Isra\u00ebl, les tribunaux religieux supervisent les affaires de divorce impliquant des couples juifs, tandis que les tribunaux civils traitent les divorces non religieux. En France, le divorce se d\u00e9roule dans un cadre juridique plus la\u00efc. La recherche de services juridiques pour les couples qui se pr\u00e9parent au divorce permet de s\u2019assurer que toutes les exigences de la juridiction sont respect\u00e9es. Un avocat franco-isra\u00e9lien comp\u00e9tent peut aider \u00e0 d\u00e9terminer le syst\u00e8me juridique applicable et conseiller sur la meilleure approche pour mettre fin au divorce.<\/span><\/p>\n<p><span style=\"font-weight: 400;\">Les divorces transfrontaliers peuvent inclure des lois contradictoires concernant la division des biens, la garde des enfants et la pension alimentaire. Comprendre ces nuances juridiques est essentiel, et avoir le bon avocat \u00e0 vos c\u00f4t\u00e9s garantit le respect des r\u00e9glementations isra\u00e9liennes et fran\u00e7aises.<\/span><\/p>\n<h2><b>Division des arrangements financiers et de l\u2019actif<\/b><\/h2>\n<p><span style=\"font-weight: 400;\">L\u2019une des plus grandes pr\u00e9occupations lors d\u2019un divorce est la division des biens et les arrangements financiers. Les couples doivent d\u00e9cider comment diviser les actifs, les comptes bancaires, les investissements et les dettes. La recherche de services juridiques professionnels pour les couples qui se pr\u00e9parent au divorce permet d\u2019assurer un r\u00e8glement juste et \u00e9quitable.<\/span><\/p>\n<p><span style=\"font-weight: 400;\">Un avocat qualifi\u00e9 en Isra\u00ebl France peut vous aider dans les n\u00e9gociations, la protection de vos int\u00e9r\u00eats financiers et le respect des normes juridiques. En France, le partage des biens d\u00e9pend g\u00e9n\u00e9ralement du contrat de mariage, tandis qu\u2019en Isra\u00ebl, la loi fonctionne selon les principes de la distribution \u00e9gale. Un avocat qui conna\u00eet bien les deux syst\u00e8mes est essentiel pour obtenir un r\u00e9sultat \u00e9quitable.<\/span><\/p>\n<h2><b>Garde des enfants et droits parentaux<\/b><\/h2>\n<p><span style=\"font-weight: 400;\">Les litiges relatifs \u00e0 la garde des enfants sont l\u2019un des aspects les plus difficiles du divorce. Les tribunaux accordent la priorit\u00e9 \u00e0 l\u2019int\u00e9r\u00eat sup\u00e9rieur de l\u2019enfant lorsqu\u2019ils d\u00e9terminent les ententes de garde. Des services juridiques sp\u00e9cialis\u00e9s pour les couples qui se pr\u00e9parent au divorce aident les parents \u00e0 cr\u00e9er des ententes de garde \u00e9quitables qui garantissent l\u2019int\u00e9r\u00eat sup\u00e9rieur de leurs enfants.<\/span><\/p>\n<p><b>Avocate Isra\u00ebl France  <\/b><span style=\"font-weight: 400;\">Une personne exp\u00e9riment\u00e9e comprend le cadre juridique qui r\u00e9git la garde dans les deux juridictions. Les tribunaux isra\u00e9liens peuvent tenir compte du droit religieux, tandis que les tribunaux fran\u00e7ais mettent l\u2019accent sur la responsabilit\u00e9 parentale et le bien-\u00eatre de l\u2019enfant. Pour naviguer dans ces diff\u00e9rences, il faut des conseils juridiques qualifi\u00e9s pour parvenir \u00e0 une entente de garde qui prot\u00e8ge les droits des parents et donne la priorit\u00e9 aux besoins de l\u2019enfant.<\/span><\/p>\n<h2><b>Consid\u00e9rations relatives aux pensions alimentaires et aux pensions alimentaires pour \u00e9poux<\/b><\/h2>\n<p><span style=\"font-weight: 400;\">La d\u00e9termination de la pension alimentaire et de la pension alimentaire pour conjoint est un autre aspect essentiel du divorce. Les tribunaux prennent en compte des facteurs tels que la dur\u00e9e du mariage, la d\u00e9pendance financi\u00e8re et la capacit\u00e9 de gagner leur vie lorsqu\u2019ils accordent une pension alimentaire. Les conseils en mati\u00e8re de services juridiques pour les couples qui se pr\u00e9parent au divorce garantissent des accords pr\u00e9nuptiaux \u00e9quitables et juridiquement solides.<\/span><\/p>\n<p><b>Avocate Isra\u00ebl France<\/b><span style=\"font-weight: 400;\">  Une personne exp\u00e9riment\u00e9e peut aider \u00e0 n\u00e9gocier des conditions de pension alimentaire qui refl\u00e8tent les r\u00e9alit\u00e9s financi\u00e8res et les exigences l\u00e9gales. Les tribunaux fran\u00e7ais peuvent calculer la pension alimentaire diff\u00e9remment des tribunaux isra\u00e9liens, ce qui rend l\u2019expertise juridique essentielle pour les affaires de divorce transfrontalier.<\/span><\/p>\n<h2><b>Le r\u00f4le de la m\u00e9diation dans le divorce<\/b><\/h2>\n<p><span style=\"font-weight: 400;\">La m\u00e9diation est une alternative efficace aux litiges, car elle permet aux couples de r\u00e9soudre leurs diff\u00e9rends par consensus. La recherche de services juridiques pour les couples qui se pr\u00e9parent au divorce, y compris la m\u00e9diation, peut aider \u00e0 pr\u00e9venir des batailles longues et co\u00fbteuses devant les tribunaux. Un avocat franco-isra\u00e9lien comp\u00e9tent peut servir de m\u00e9diateur, permettant des discussions fructueuses sur le partage des biens, la garde et les questions financi\u00e8res.<\/span><\/p>\n<p><span style=\"font-weight: 400;\">La m\u00e9diation favorise les ententes mutuelles qui sont \u00e0 l\u2019avantage des deux parties, tout en r\u00e9duisant le fardeau \u00e9motionnel et financier. Lorsqu\u2019il r\u00e9ussit, il permet d\u2019acc\u00e9l\u00e9rer le r\u00e8glement des divorces et de r\u00e9duire les litiges.<\/span><\/p>\n<h2><b>Cas de divorce international et d\u00e9fis juridiques<\/b><\/h2>\n<p><span style=\"font-weight: 400;\">Le divorce international pr\u00e9sente des d\u00e9fis juridiques uniques qui n\u00e9cessitent une expertise particuli\u00e8re. Travailler avec un avocat franco-isra\u00e9lien exp\u00e9riment\u00e9 dans les affaires transfrontali\u00e8res garantit le respect des obligations l\u00e9gales dans les deux pays. La recherche de services juridiques pour les couples se pr\u00e9parant au divorce avec des \u00e9l\u00e9ments internationaux aide \u00e0 r\u00e9soudre des probl\u00e8mes tels que les exigences de r\u00e9sidence, la division des biens entre diff\u00e9rentes juridictions et l\u2019ex\u00e9cution des d\u00e9cisions de justice.<\/span><\/p>\n<p><span style=\"font-weight: 400;\">Le divorce transfrontalier peut \u00eatre compliqu\u00e9 par des syst\u00e8mes juridiques contradictoires et des trait\u00e9s internationaux. Un avocat qui conna\u00eet bien le droit international de la famille fournit une aide inestimable pour naviguer dans ces complexit\u00e9s, en assurant un accord de divorce juridiquement contraignant.<\/span><\/p>\n<h2><b>Documentation et documents juridiques<\/b><\/h2>\n<p><span style=\"font-weight: 400;\">Une documentation appropri\u00e9e est essentielle lors de la demande de divorce. La recherche de services juridiques pour les couples qui se pr\u00e9parent au divorce garantit que tous les documents n\u00e9cessaires sont pr\u00e9par\u00e9s avec pr\u00e9cision et soumis \u00e0 temps.<\/span> <b> Un avocat qualifi\u00e9 en Isra\u00ebl France <\/b><span style=\"font-weight: 400;\">aide \u00e0 la r\u00e9daction de demandes de divorce, d\u2019affidavits financiers et d\u2019accords de garde.<\/span><\/p>\n<p><span style=\"font-weight: 400;\">Les erreurs dans la documentation juridique peuvent entra\u00eener des retards et des complications. La v\u00e9rification aupr\u00e8s d\u2019un avocat exp\u00e9riment\u00e9 et la pr\u00e9paration de tous les documents n\u00e9cessaires garantissent un processus juridique fluide et efficace.<\/span><\/p>\n<h2><b>Prot\u00e9ger vos droits lors d\u2019un divorce<\/b><\/h2>\n<p><span style=\"font-weight: 400;\">Le divorce implique des droits l\u00e9gaux qui doivent \u00eatre prot\u00e9g\u00e9s pour assurer un r\u00e9sultat \u00e9quitable. La recherche de services juridiques pour les couples qui se pr\u00e9parent au divorce aide les gens \u00e0 comprendre leurs droits et leurs options juridiques. Un avocat qualifi\u00e9 en Isra\u00ebl en France fournit des conseils concernant les r\u00e9clamations de propri\u00e9t\u00e9, la pension alimentaire pour conjoint et les droits parentaux.<\/span><\/p>\n<p><span style=\"font-weight: 400;\">Les professionnels du droit d\u00e9fendent les int\u00e9r\u00eats de leurs clients, en veillant \u00e0 ce que les accords soient juridiquement valides et en les prot\u00e9geant contre les arrangements injustes. Avoir de l\u2019exp\u00e9rience en mati\u00e8re de repr\u00e9sentation est essentiel pour assurer un r\u00e9sultat positif.<\/span><\/p>\n<h2><b>corollaire<\/b><\/h2>\n<p><span style=\"font-weight: 400;\">La navigation dans un divorce n\u00e9cessite des conseils et une pr\u00e9paration juridiques appropri\u00e9s. La recherche de services juridiques pour les couples qui se pr\u00e9parent au divorce permet de s\u2019assurer que les gens comprennent leurs droits et obligations juridiques. Qu\u2019il s\u2019agisse du partage des biens, de la garde des enfants ou de la pension alimentaire, travailler avec un avocat isra\u00e9lo-fran\u00e7ais tr\u00e8s comp\u00e9tent apporte un soutien inestimable.<\/span><\/p>\n<p><span style=\"font-weight: 400;\">Une proc\u00e9dure de divorce bien pr\u00e9par\u00e9e minimise les conflits et assure un r\u00e8glement \u00e9quitable pour les deux parties. Pour obtenir une assistance juridique sp\u00e9cialis\u00e9e, visitez Law Group Israel et faites le premier pas vers une r\u00e9solution de divorce juridiquement solide.<\/span><\/p>\n","protected":false},"excerpt":{"rendered":"<p>Meta Description&nbsp;: Vous recherchez des services juridiques pour les couples qui se pr\u00e9parent au divorce ? Notre avocat exp\u00e9riment\u00e9 en Isra\u00ebl France fournit des conseils d\u2019experts pour une transition en [&hellip;]<\/p>\n","protected":false},"author":1,"featured_media":0,"parent":8929,"menu_order":0,"comment_status":"closed","ping_status":"closed","template":"","meta":{"_acf_changed":false,"footnotes":""},"class_list":["post-9478","page","type-page","status-publish","hentry"],"acf":[],"yoast_head":"<!-- This site is optimized with the Yoast SEO plugin v25.2 - https:\/\/yoast.com\/wordpress\/plugins\/seo\/ -->\n<title>Services juridiques pour les couples qui se pr\u00e9parent au divorce - LawGroup<\/title>\n<meta name=\"robots\" content=\"index, follow, max-snippet:-1, max-image-preview:large, max-video-preview:-1\" \/>\n<link rel=\"canonical\" href=\"http:\/\/lawgroup-israel.com\/fr\/blog\/services-juridiques-pour-les-couples-qui-se-preparent-au-divorce\/\" \/>\n<meta property=\"og:locale\" content=\"fr_FR\" \/>\n<meta property=\"og:type\" content=\"article\" \/>\n<meta property=\"og:title\" content=\"Services juridiques pour les couples qui se pr\u00e9parent au divorce - LawGroup\" \/>\n<meta property=\"og:description\" content=\"Meta Description&nbsp;: Vous recherchez des services juridiques pour les couples qui se pr\u00e9parent au divorce ? Notre avocat exp\u00e9riment\u00e9 en Isra\u00ebl France fournit des conseils d\u2019experts pour une transition en [&hellip;]\" \/>\n<meta property=\"og:url\" content=\"http:\/\/lawgroup-israel.com\/fr\/blog\/services-juridiques-pour-les-couples-qui-se-preparent-au-divorce\/\" \/>\n<meta property=\"og:site_name\" content=\"LawGroup\" \/>\n<meta name=\"twitter:card\" content=\"summary_large_image\" \/>\n<meta name=\"twitter:label1\" content=\"Dur\u00e9e de lecture estim\u00e9e\" \/>\n\t<meta name=\"twitter:data1\" content=\"8 minutes\" \/>\n<script type=\"application\/ld+json\" class=\"yoast-schema-graph\">{\"@context\":\"https:\/\/schema.org\",\"@graph\":[{\"@type\":\"WebPage\",\"@id\":\"http:\/\/lawgroup-israel.com\/fr\/blog\/services-juridiques-pour-les-couples-qui-se-preparent-au-divorce\/\",\"url\":\"http:\/\/lawgroup-israel.com\/fr\/blog\/services-juridiques-pour-les-couples-qui-se-preparent-au-divorce\/\",\"name\":\"Services juridiques pour les couples qui se pr\u00e9parent au divorce - LawGroup\",\"isPartOf\":{\"@id\":\"http:\/\/lawgroup-israel.com\/fr\/#website\"},\"datePublished\":\"2025-03-05T12:27:22+00:00\",\"breadcrumb\":{\"@id\":\"http:\/\/lawgroup-israel.com\/fr\/blog\/services-juridiques-pour-les-couples-qui-se-preparent-au-divorce\/#breadcrumb\"},\"inLanguage\":\"fr-FR\",\"potentialAction\":[{\"@type\":\"ReadAction\",\"target\":[\"http:\/\/lawgroup-israel.com\/fr\/blog\/services-juridiques-pour-les-couples-qui-se-preparent-au-divorce\/\"]}]},{\"@type\":\"BreadcrumbList\",\"@id\":\"http:\/\/lawgroup-israel.com\/fr\/blog\/services-juridiques-pour-les-couples-qui-se-preparent-au-divorce\/#breadcrumb\",\"itemListElement\":[{\"@type\":\"ListItem\",\"position\":1,\"name\":\"Accueil\",\"item\":\"https:\/\/lawgroup-israel.com\/fr\/\"},{\"@type\":\"ListItem\",\"position\":2,\"name\":\"Blog\",\"item\":\"http:\/\/lawgroup-israel.com\/fr\/blog\/\"},{\"@type\":\"ListItem\",\"position\":3,\"name\":\"Services juridiques pour les couples qui se pr\u00e9parent au divorce\"}]},{\"@type\":\"WebSite\",\"@id\":\"http:\/\/lawgroup-israel.com\/fr\/#website\",\"url\":\"http:\/\/lawgroup-israel.com\/fr\/\",\"name\":\"LawGroup\",\"description\":\"FREDG Law Firm in ISRAEL\",\"potentialAction\":[{\"@type\":\"SearchAction\",\"target\":{\"@type\":\"EntryPoint\",\"urlTemplate\":\"http:\/\/lawgroup-israel.com\/fr\/?s={search_term_string}\"},\"query-input\":{\"@type\":\"PropertyValueSpecification\",\"valueRequired\":true,\"valueName\":\"search_term_string\"}}],\"inLanguage\":\"fr-FR\"}]}<\/script>\n<!-- \/ Yoast SEO plugin. -->","yoast_head_json":{"title":"Services juridiques pour les couples qui se pr\u00e9parent au divorce - LawGroup","robots":{"index":"index","follow":"follow","max-snippet":"max-snippet:-1","max-image-preview":"max-image-preview:large","max-video-preview":"max-video-preview:-1"},"canonical":"http:\/\/lawgroup-israel.com\/fr\/blog\/services-juridiques-pour-les-couples-qui-se-preparent-au-divorce\/","og_locale":"fr_FR","og_type":"article","og_title":"Services juridiques pour les couples qui se pr\u00e9parent au divorce - LawGroup","og_description":"Meta Description&nbsp;: Vous recherchez des services juridiques pour les couples qui se pr\u00e9parent au divorce ? Notre avocat exp\u00e9riment\u00e9 en Isra\u00ebl France fournit des conseils d\u2019experts pour une transition en [&hellip;]","og_url":"http:\/\/lawgroup-israel.com\/fr\/blog\/services-juridiques-pour-les-couples-qui-se-preparent-au-divorce\/","og_site_name":"LawGroup","twitter_card":"summary_large_image","twitter_misc":{"Dur\u00e9e de lecture estim\u00e9e":"8 minutes"},"schema":{"@context":"https:\/\/schema.org","@graph":[{"@type":"WebPage","@id":"http:\/\/lawgroup-israel.com\/fr\/blog\/services-juridiques-pour-les-couples-qui-se-preparent-au-divorce\/","url":"http:\/\/lawgroup-israel.com\/fr\/blog\/services-juridiques-pour-les-couples-qui-se-preparent-au-divorce\/","name":"Services juridiques pour les couples qui se pr\u00e9parent au divorce - LawGroup","isPartOf":{"@id":"http:\/\/lawgroup-israel.com\/fr\/#website"},"datePublished":"2025-03-05T12:27:22+00:00","breadcrumb":{"@id":"http:\/\/lawgroup-israel.com\/fr\/blog\/services-juridiques-pour-les-couples-qui-se-preparent-au-divorce\/#breadcrumb"},"inLanguage":"fr-FR","potentialAction":[{"@type":"ReadAction","target":["http:\/\/lawgroup-israel.com\/fr\/blog\/services-juridiques-pour-les-couples-qui-se-preparent-au-divorce\/"]}]},{"@type":"BreadcrumbList","@id":"http:\/\/lawgroup-israel.com\/fr\/blog\/services-juridiques-pour-les-couples-qui-se-preparent-au-divorce\/#breadcrumb","itemListElement":[{"@type":"ListItem","position":1,"name":"Accueil","item":"https:\/\/lawgroup-israel.com\/fr\/"},{"@type":"ListItem","position":2,"name":"Blog","item":"http:\/\/lawgroup-israel.com\/fr\/blog\/"},{"@type":"ListItem","position":3,"name":"Services juridiques pour les couples qui se pr\u00e9parent au divorce"}]},{"@type":"WebSite","@id":"http:\/\/lawgroup-israel.com\/fr\/#website","url":"http:\/\/lawgroup-israel.com\/fr\/","name":"LawGroup","description":"FREDG Law Firm in ISRAEL","potentialAction":[{"@type":"SearchAction","target":{"@type":"EntryPoint","urlTemplate":"http:\/\/lawgroup-israel.com\/fr\/?s={search_term_string}"},"query-input":{"@type":"PropertyValueSpecification","valueRequired":true,"valueName":"search_term_string"}}],"inLanguage":"fr-FR"}]}},"_links":{"self":[{"href":"http:\/\/lawgroup-israel.com\/fr\/wp-json\/wp\/v2\/pages\/9478","targetHints":{"allow":["GET"]}}],"collection":[{"href":"http:\/\/lawgroup-israel.com\/fr\/wp-json\/wp\/v2\/pages"}],"about":[{"href":"http:\/\/lawgroup-israel.com\/fr\/wp-json\/wp\/v2\/types\/page"}],"author":[{"embeddable":true,"href":"http:\/\/lawgroup-israel.com\/fr\/wp-json\/wp\/v2\/users\/1"}],"replies":[{"embeddable":true,"href":"http:\/\/lawgroup-israel.com\/fr\/wp-json\/wp\/v2\/comments?post=9478"}],"version-history":[{"count":0,"href":"http:\/\/lawgroup-israel.com\/fr\/wp-json\/wp\/v2\/pages\/9478\/revisions"}],"up":[{"embeddable":true,"href":"http:\/\/lawgroup-israel.com\/fr\/wp-json\/wp\/v2\/pages\/8929"}],"wp:attachment":[{"href":"http:\/\/lawgroup-israel.com\/fr\/wp-json\/wp\/v2\/media?parent=9478"}],"curies":[{"name":"wp","href":"https:\/\/api.w.org\/{rel}","templated":true}]}}